{"id":647,"date":"2022-02-28T09:50:20","date_gmt":"2022-02-28T08:50:20","guid":{"rendered":"http:\/\/2022.heidelberg-arbeitsrecht.com\/?page_id=647"},"modified":"2023-06-21T12:39:08","modified_gmt":"2023-06-21T10:39:08","slug":"law-firm","status":"publish","type":"page","link":"https:\/\/www.heidelberg-arbeitsrecht.com\/en\/law-firm\/","title":{"rendered":"Law Firm"},"content":{"rendered":"<h1>Law firm<\/h1>\n<div>\n<div class=\"wpv-grid grid-1-2  first unextended\" id=\"wpv-column-edf6596bdc466b2de4e61f99fce2e8da\">\n<p><span style=\"font-weight: 400;\">What sets my practice apart is its comprehensive and optimized consulting in all matters of employment law, and in the associated social law. Rather than dabbling in many different legal fields, I concentrate specifically on protection against unfair dismissal, employment law, and conflict resolution surrounding employment. And instead of being passed around to many different contact persons, my clients always receive the most up-to-date information from me personally.<\/span><\/p>\n<\/div>\n<div class=\"wpv-grid grid-1-2  unextended\" id=\"wpv-column-8173c33365ad1346d5667c6ff60bfdd2\">\n<p>In providing legal consultation, I also draw from my considerable expertise \u2013 accumulated over many years \u2013 in the policies of personnel departments and current trends in the field of human resources (HR). An attorney who does not know how supervisors and others in charge of personnel think, and what informs their actions, will give advice that is out of touch with real life. That is why, for many years, I have represented not only large and mid-sized companies, but also supervisors and employees. Because you cannot negotiate optimal solutions with employees unless you have regularly changed perspectives and are able to advocate for their interests with equal conviction.<\/p>\n<\/div>\n<\/div>\n<p><!--more--><br \/>\n<!-- {\"type\":\"layout\",\"children\":[{\"type\":\"section\",\"props\":{\"style\":\"muted\",\"width\":\"default\",\"vertical_align\":\"middle\",\"title_position\":\"top-left\",\"title_rotation\":\"left\",\"title_breakpoint\":\"xl\",\"image_position\":\"center-center\"},\"children\":[{\"type\":\"row\",\"props\":{\"column_gap\":\"large\",\"width\":\"small\"},\"children\":[{\"type\":\"column\",\"props\":{\"position_sticky_breakpoint\":\"m\",\"image_position\":\"center-center\",\"media_overlay_gradient\":\"\",\"width_medium\":\"\"},\"children\":[{\"type\":\"headline\",\"props\":{\"title_element\":\"h1\",\"content\":\"Law firm\",\"title_style\":\"h1\"}},{\"type\":\"text\",\"props\":{\"margin\":\"default\",\"column_breakpoint\":\"m\",\"content\":\"\n\n<div class=\\\"wpv-grid grid-1-2  first unextended\\\" id=\\\"wpv-column-edf6596bdc466b2de4e61f99fce2e8da\\\">\\n\n\n<p><span style=\\\"font-weight: 400;\\\">What sets my practice apart is its comprehensive and optimized consulting in all matters of employment law, and in the associated social law. Rather than dabbling in many different legal fields, I concentrate specifically on protection against unfair dismissal, employment law, and conflict resolution surrounding employment. And instead of being passed around to many different contact persons, my clients always receive the most up-to-date information from me personally.<\\\/span><\\\/p>\\n<\\\/div>\\n\n\n<div class=\\\"wpv-grid grid-1-2  unextended\\\" id=\\\"wpv-column-8173c33365ad1346d5667c6ff60bfdd2\\\">\\n\n\n<p>In providing legal consultation, I also draw from my considerable expertise \\u2013 accumulated over many years \\u2013 in the policies of personnel departments and current trends in the field of human resources (HR). An attorney who does not know how supervisors and others in charge of personnel think, and what informs their actions, will give advice that is out of touch with real life. That is why, for many years, I have represented not only large and mid-sized companies, but also supervisors and employees. Because you cannot negotiate optimal solutions with employees unless you have regularly changed perspectives and are able to advocate for their interests with equal conviction.<\\\/p>\\n<\\\/div>\",\"column\":\"1-2\",\"column_divider\":false}}]}]}],\"name\":\"Inhalt\"},{\"type\":\"section\",\"props\":{\"style\":\"default\",\"width\":\"small\",\"vertical_align\":\"middle\",\"title_position\":\"top-left\",\"title_rotation\":\"left\",\"title_breakpoint\":\"xl\",\"image_position\":\"top-center\",\"image\":\"wp-content\\\/uploads\\\/2022\\\/02\\\/Header_2520x900_02_ohneLogo.jpg\",\"image_effect\":\"fixed\",\"image_size\":\"cover\",\"header_transparent\":\"dark\"},\"children\":[{\"type\":\"row\",\"props\":{\"layout\":\"1-2,1-2\",\"column_gap\":\"large\",\"margin\":\"remove-vertical\",\"height\":\"percent\"},\"children\":[{\"type\":\"column\",\"props\":{\"position_sticky_breakpoint\":\"m\",\"image_position\":\"center-center\",\"media_overlay_gradient\":\"\",\"width_medium\":\"1-2\"},\"children\":[]},{\"type\":\"column\",\"props\":{\"position_sticky_breakpoint\":\"m\",\"image_position\":\"center-center\",\"media_overlay_gradient\":\"\",\"width_medium\":\"1-2\",\"position_sticky\":\"column\",\"image\":\"\",\"media_background\":\"#00535F\",\"media_blend_mode\":\"multiply\",\"vertical_align\":\"middle\"},\"children\":[]}]}]}],\"version\":\"3.0.7\"} --><\/p>\n","protected":false},"excerpt":{"rendered":"<p>Law firm What sets my practice apart is its comprehensive and optimized consulting in all matters of employment law, and in the associated social law. Rather than dabbling in many different legal fields, I concentrate specifically on protection against unfair dismissal, employment law, and conflict resolution surrounding employment. And instead of being passed around to [&hellip;]<\/p>\n","protected":false},"author":1,"featured_media":0,"parent":0,"menu_order":0,"comment_status":"closed","ping_status":"closed","template":"","meta":{"_acf_changed":false,"footnotes":""},"class_list":["post-647","page","type-page","status-publish","hentry"],"acf":[],"yoast_head":"<!-- This site is optimized with the Yoast SEO plugin v27.4 - https:\/\/yoast.com\/product\/yoast-seo-wordpress\/ -->\n<title>Law Firm - Tobias Thei\u00df - Fachanwalt f\u00fcr Arbeitsrecht<\/title>\n<meta name=\"robots\" content=\"index, follow, max-snippet:-1, max-image-preview:large, max-video-preview:-1\" \/>\n<link rel=\"canonical\" href=\"https:\/\/www.heidelberg-arbeitsrecht.com\/kanzlei\/\" \/>\n<meta property=\"og:locale\" content=\"en_US\" \/>\n<meta property=\"og:type\" content=\"article\" \/>\n<meta property=\"og:title\" content=\"Law Firm - Tobias Thei\u00df - Fachanwalt f\u00fcr Arbeitsrecht\" \/>\n<meta property=\"og:description\" content=\"Law firm What sets my practice apart is its comprehensive and optimized consulting in all matters of employment law, and in the associated social law. Rather than dabbling in many different legal fields, I concentrate specifically on protection against unfair dismissal, employment law, and conflict resolution surrounding employment. And instead of being passed around to [&hellip;]\" \/>\n<meta property=\"og:url\" content=\"https:\/\/www.heidelberg-arbeitsrecht.com\/kanzlei\/\" \/>\n<meta property=\"og:site_name\" content=\"Tobias Thei\u00df - Fachanwalt f\u00fcr Arbeitsrecht\" \/>\n<meta property=\"article:modified_time\" content=\"2023-06-21T10:39:08+00:00\" \/>\n<meta name=\"twitter:card\" content=\"summary_large_image\" \/>\n<meta name=\"twitter:label1\" content=\"Est. reading time\" \/>\n\t<meta name=\"twitter:data1\" content=\"1 minute\" \/>\n<script type=\"application\/ld+json\" class=\"yoast-schema-graph\">{\"@context\":\"https:\\\/\\\/schema.org\",\"@graph\":[{\"@type\":\"WebPage\",\"@id\":\"https:\\\/\\\/www.heidelberg-arbeitsrecht.com\\\/kanzlei\\\/\",\"url\":\"https:\\\/\\\/www.heidelberg-arbeitsrecht.com\\\/kanzlei\\\/\",\"name\":\"Law Firm - Tobias Thei\u00df - Fachanwalt f\u00fcr Arbeitsrecht\",\"isPartOf\":{\"@id\":\"https:\\\/\\\/www.heidelberg-arbeitsrecht.com\\\/#website\"},\"datePublished\":\"2022-02-28T08:50:20+00:00\",\"dateModified\":\"2023-06-21T10:39:08+00:00\",\"breadcrumb\":{\"@id\":\"https:\\\/\\\/www.heidelberg-arbeitsrecht.com\\\/kanzlei\\\/#breadcrumb\"},\"inLanguage\":\"en-US\",\"potentialAction\":[{\"@type\":\"ReadAction\",\"target\":[\"https:\\\/\\\/www.heidelberg-arbeitsrecht.com\\\/kanzlei\\\/\"]}]},{\"@type\":\"BreadcrumbList\",\"@id\":\"https:\\\/\\\/www.heidelberg-arbeitsrecht.com\\\/kanzlei\\\/#breadcrumb\",\"itemListElement\":[{\"@type\":\"ListItem\",\"position\":1,\"name\":\"Startseite\",\"item\":\"https:\\\/\\\/www.heidelberg-arbeitsrecht.com\\\/en\\\/\"},{\"@type\":\"ListItem\",\"position\":2,\"name\":\"Law Firm\"}]},{\"@type\":\"WebSite\",\"@id\":\"https:\\\/\\\/www.heidelberg-arbeitsrecht.com\\\/#website\",\"url\":\"https:\\\/\\\/www.heidelberg-arbeitsrecht.com\\\/\",\"name\":\"Tobias Thei\u00df - Fachanwalt f\u00fcr Arbeitsrecht\",\"description\":\"Tobias Thei\u00df Fachanwalt f\u00fcr Arbeitsrecht, K\u00fcndigungsschutz und Konfliktl\u00f6sung\",\"potentialAction\":[{\"@type\":\"SearchAction\",\"target\":{\"@type\":\"EntryPoint\",\"urlTemplate\":\"https:\\\/\\\/www.heidelberg-arbeitsrecht.com\\\/?s={search_term_string}\"},\"query-input\":{\"@type\":\"PropertyValueSpecification\",\"valueRequired\":true,\"valueName\":\"search_term_string\"}}],\"inLanguage\":\"en-US\"}]}<\/script>\n<!-- \/ Yoast SEO plugin. -->","yoast_head_json":{"title":"Law Firm - Tobias Thei\u00df - Fachanwalt f\u00fcr Arbeitsrecht","robots":{"index":"index","follow":"follow","max-snippet":"max-snippet:-1","max-image-preview":"max-image-preview:large","max-video-preview":"max-video-preview:-1"},"canonical":"https:\/\/www.heidelberg-arbeitsrecht.com\/kanzlei\/","og_locale":"en_US","og_type":"article","og_title":"Law Firm - Tobias Thei\u00df - Fachanwalt f\u00fcr Arbeitsrecht","og_description":"Law firm What sets my practice apart is its comprehensive and optimized consulting in all matters of employment law, and in the associated social law. Rather than dabbling in many different legal fields, I concentrate specifically on protection against unfair dismissal, employment law, and conflict resolution surrounding employment. And instead of being passed around to [&hellip;]","og_url":"https:\/\/www.heidelberg-arbeitsrecht.com\/kanzlei\/","og_site_name":"Tobias Thei\u00df - Fachanwalt f\u00fcr Arbeitsrecht","article_modified_time":"2023-06-21T10:39:08+00:00","twitter_card":"summary_large_image","twitter_misc":{"Est. reading time":"1 minute"},"schema":{"@context":"https:\/\/schema.org","@graph":[{"@type":"WebPage","@id":"https:\/\/www.heidelberg-arbeitsrecht.com\/kanzlei\/","url":"https:\/\/www.heidelberg-arbeitsrecht.com\/kanzlei\/","name":"Law Firm - Tobias Thei\u00df - Fachanwalt f\u00fcr Arbeitsrecht","isPartOf":{"@id":"https:\/\/www.heidelberg-arbeitsrecht.com\/#website"},"datePublished":"2022-02-28T08:50:20+00:00","dateModified":"2023-06-21T10:39:08+00:00","breadcrumb":{"@id":"https:\/\/www.heidelberg-arbeitsrecht.com\/kanzlei\/#breadcrumb"},"inLanguage":"en-US","potentialAction":[{"@type":"ReadAction","target":["https:\/\/www.heidelberg-arbeitsrecht.com\/kanzlei\/"]}]},{"@type":"BreadcrumbList","@id":"https:\/\/www.heidelberg-arbeitsrecht.com\/kanzlei\/#breadcrumb","itemListElement":[{"@type":"ListItem","position":1,"name":"Startseite","item":"https:\/\/www.heidelberg-arbeitsrecht.com\/en\/"},{"@type":"ListItem","position":2,"name":"Law Firm"}]},{"@type":"WebSite","@id":"https:\/\/www.heidelberg-arbeitsrecht.com\/#website","url":"https:\/\/www.heidelberg-arbeitsrecht.com\/","name":"Tobias Thei\u00df - Fachanwalt f\u00fcr Arbeitsrecht","description":"Tobias Thei\u00df Fachanwalt f\u00fcr Arbeitsrecht, K\u00fcndigungsschutz und Konfliktl\u00f6sung","potentialAction":[{"@type":"SearchAction","target":{"@type":"EntryPoint","urlTemplate":"https:\/\/www.heidelberg-arbeitsrecht.com\/?s={search_term_string}"},"query-input":{"@type":"PropertyValueSpecification","valueRequired":true,"valueName":"search_term_string"}}],"inLanguage":"en-US"}]}},"_links":{"self":[{"href":"https:\/\/www.heidelberg-arbeitsrecht.com\/en\/wp-json\/wp\/v2\/pages\/647","targetHints":{"allow":["GET"]}}],"collection":[{"href":"https:\/\/www.heidelberg-arbeitsrecht.com\/en\/wp-json\/wp\/v2\/pages"}],"about":[{"href":"https:\/\/www.heidelberg-arbeitsrecht.com\/en\/wp-json\/wp\/v2\/types\/page"}],"author":[{"embeddable":true,"href":"https:\/\/www.heidelberg-arbeitsrecht.com\/en\/wp-json\/wp\/v2\/users\/1"}],"replies":[{"embeddable":true,"href":"https:\/\/www.heidelberg-arbeitsrecht.com\/en\/wp-json\/wp\/v2\/comments?post=647"}],"version-history":[{"count":2,"href":"https:\/\/www.heidelberg-arbeitsrecht.com\/en\/wp-json\/wp\/v2\/pages\/647\/revisions"}],"predecessor-version":[{"id":649,"href":"https:\/\/www.heidelberg-arbeitsrecht.com\/en\/wp-json\/wp\/v2\/pages\/647\/revisions\/649"}],"wp:attachment":[{"href":"https:\/\/www.heidelberg-arbeitsrecht.com\/en\/wp-json\/wp\/v2\/media?parent=647"}],"curies":[{"name":"wp","href":"https:\/\/api.w.org\/{rel}","templated":true}]}}