{"id":656,"date":"2022-02-27T19:10:06","date_gmt":"2022-02-27T18:10:06","guid":{"rendered":"http:\/\/2022.heidelberg-arbeitsrecht.com\/?page_id=656"},"modified":"2023-06-23T13:18:07","modified_gmt":"2023-06-23T11:18:07","slug":"home-en","status":"publish","type":"page","link":"https:\/\/www.heidelberg-arbeitsrecht.com\/en\/","title":{"rendered":"Home EN"},"content":{"rendered":"<p><img decoding=\"async\" src=\"\/wp-content\/uploads\/2022\/02\/TobiasTheiss_Logo.png\" alt=\"\"><\/p>\n<ul>\n<li>\n<p>        <img decoding=\"async\" src=\"\/wp-content\/uploads\/2022\/03\/TobiasTheiss_Kuendigungsschutz_260x250.png\" alt=\"\"><\/p>\n<h2>unfair dismissal<\/h2>\n<div>\n<p><span>For many years now, my professional concentration has rested squarely within this specialist field, of advising clients before and after terminations.<\/span><\/p>\n<\/div>\n<p><a href=\"\/spezialisierung\/\"><\/a><\/p>\n<\/li>\n<li>\n<p>        <img decoding=\"async\" src=\"\/wp-content\/uploads\/2022\/03\/TobiasTheiss_Arbeitsrecht_260x250.png\" alt=\"\"><\/p>\n<h2>Employment law<\/h2>\n<div>\n<p><span>My work concentrates solely on employment law, and the associated social law. This results in high-quality legal services and optimized legal advice.<\/span><\/p>\n<\/div>\n<p><a href=\"\/spezialisierung\/\"><\/a><\/p>\n<\/li>\n<li>\n<p>        <img decoding=\"async\" src=\"\/wp-content\/uploads\/2022\/03\/TobiasTheiss_Konflikloesung_260x250.png\" alt=\"\"><\/p>\n<h2>Conflict resolution<\/h2>\n<div>\n<p><span>I place particular emphasis on the sustainable, long-term resolution of conflicts at the workplace, especially in the lead-up to, or aftermath of, a termination.<\/span><\/p>\n<\/div>\n<p><a href=\"#\"><\/a><\/p>\n<\/li>\n<li>\n<p>        <img decoding=\"async\" src=\"\/wp-content\/uploads\/2022\/03\/TobiasTheiss_Beratung_260x250.png\" alt=\"\"><\/p>\n<h2>Consultation<\/h2>\n<div>\n<p><span>You can contact me via E-Mail:<\/span><br \/><a class=\"bolda\" href=\"mailto:info@heidelberg-arbeitsrecht.com\">info@heidelberg-arbeitsrecht.com<\/a><span>\u00a0or by telephone: +496221 \u2013 6733614<\/span><\/p>\n<\/div>\n<p><a href=\"#\"><\/a><\/p>\n<\/li>\n<\/ul>\n<p><img decoding=\"async\" src=\"\/wp-content\/uploads\/2022\/02\/TobiasTheiss_Portrait_1200x938.png\" alt=\"\"><\/p>\n<h1>Tobias Thei\u00df<\/h1>\n<h1><span>YOUR SPECIALIST ATTORNEY FOR EMPLOYMENT LAW<\/span><\/h1>\n<div>\n<p><span>For many years, I have been consulting with and advising employers, management, and employees in all areas of employment law, in particular concerning the termination of employment. My high degree of professional specialization, regular participation in professional development seminars, and years of experience put me in a position to achieve the best outcome for you.<\/span><\/p>\n<\/div>\n<div>\n<\/p>\n<\/div>\n<p><!--more--><br \/>\n<!-- {\"type\":\"layout\",\"children\":[{\"name\":\"Hero\",\"type\":\"section\",\"props\":{\"width\":\"expand\",\"style\":\"secondary\",\"media\":\"images\\\/home-header.jpg\",\"height_viewport\":true,\"header_overlay\":\"light\",\"image\":\"wp-content\\\/uploads\\\/2022\\\/02\\\/Header_2520x900_02_ohneLogo.jpg\",\"media_advanced\":true,\"image_size\":\"cover\",\"media_background\":null,\"media_overlay\":null,\"animation\":\"fade\",\"image_position\":\"center-center\",\"vertical_align\":\"middle\",\"title_position\":\"top-left\",\"title_rotation\":\"left\",\"title_breakpoint\":\"xl\",\"image_width\":\"1560\",\"height\":\"section\",\"padding_remove_top\":true,\"header_transparent\":\"dark\",\"header_transparent_noplaceholder\":false,\"image_parallax_bgy\":\"+300\"},\"children\":[{\"name\":\"\",\"type\":\"row\",\"props\":{\"match\":false,\"vertical_align\":false,\"divider\":false,\"column_gap\":\"collapse\",\"row_gap\":\"collapse\",\"layout\":\"2-5,3-5\",\"width\":\"small\",\"margin\":\"default\"},\"children\":[{\"name\":\"\",\"type\":\"column\",\"props\":{\"image_position\":\"center-center\",\"padding\":\"xlarge\",\"preserve_color\":false,\"media_overlay_gradient\":\"\",\"width_medium\":\"2-5\",\"position_sticky_breakpoint\":\"m\",\"image\":\"\",\"image_size\":\"contain\",\"media_visibility\":\"m\",\"vertical_align\":\"middle\"},\"children\":[{\"type\":\"image\",\"props\":{\"margin\":\"default\",\"image_svg_color\":\"emphasis\",\"image\":\"wp-content\\\/uploads\\\/2022\\\/02\\\/TobiasTheiss_Logo.png\",\"visibility\":\"m\"}}]},{\"type\":\"column\",\"props\":{\"position_sticky_breakpoint\":\"m\",\"image_position\":\"center-center\",\"media_overlay_gradient\":\"\",\"width_medium\":\"3-5\"},\"children\":[]}]}]},{\"name\":\"Services\",\"type\":\"section\",\"props\":{\"width\":\"large\",\"padding\":\"large\",\"style\":\"default\",\"media\":\"\",\"height_viewport\":false,\"header_overlay\":\"light\",\"animation\":\"slide-top-small\",\"padding_remove_top\":true,\"image_position\":\"bottom-right\",\"vertical_align\":\"middle\",\"title_position\":\"top-left\",\"title_rotation\":\"left\",\"title_breakpoint\":\"xl\",\"title\":\"\",\"animation_delay\":false,\"image\":\"\",\"padding_remove_bottom\":true},\"children\":[{\"name\":\"\",\"type\":\"row\",\"props\":{\"match\":true,\"column_gap\":\"small\",\"row_gap\":\"small\"},\"children\":[{\"name\":\"\",\"type\":\"column\",\"props\":{\"image_position\":\"center-center\",\"media_overlay_gradient\":\"\",\"width_medium\":\"1-1\",\"position_sticky_breakpoint\":\"m\"},\"children\":[{\"name\":\"\",\"type\":\"grid\",\"props\":{\"show_title\":true,\"show_meta\":true,\"show_content\":true,\"show_image\":true,\"show_link\":true,\"grid_default\":\"1\",\"grid_medium\":\"4\",\"title_element\":\"h2\",\"meta_style\":\"text-meta\",\"meta_align\":\"below-title\",\"image_align\":\"top\",\"image_grid_width\":\"1-2\",\"link_text\":\"\",\"link_style\":\"default\",\"margin\":\"default\",\"text_align\":\"center\",\"panel_style\":\"card-default\",\"title_style\":\"h5\",\"grid_small\":\"2\",\"filter_style\":\"tab\",\"filter_all\":true,\"filter_position\":\"top\",\"filter_align\":\"left\",\"filter_grid_width\":\"auto\",\"image_svg_color\":\"primary\",\"item_animation\":true,\"image_svg_inline\":true,\"image_svg_animate\":true,\"grid_column_gap\":\"collapse\",\"grid_row_gap\":\"medium\",\"filter_grid_breakpoint\":\"m\",\"image_grid_breakpoint\":\"m\",\"panel_link\":true,\"icon_width\":\"\",\"title_hover_style\":\"reset\",\"title_align\":\"top\",\"title_grid_width\":\"1-2\",\"title_grid_breakpoint\":\"m\",\"meta_element\":\"div\",\"content_column_breakpoint\":\"m\",\"panel_padding\":\"default\",\"grid_masonry\":false,\"grid_divider\":true,\"grid_column_align\":false,\"grid_row_align\":false,\"animation\":\"parallax\",\"image_transition\":\"scale-up\",\"image_width\":\"60\",\"parallax_y\":\"-60,-60\",\"parallax_easing\":\"1\",\"parallax_breakpoint\":\"m\"},\"children\":[{\"name\":\"\",\"type\":\"grid_item\",\"props\":{\"content\":\"\n\n<p><span>For many years now, my professional concentration has rested squarely within this specialist field, of advising clients before and after terminations.<\\\/span><\\\/p>\",\"title\":\"unfair dismissal\",\"image\":\"wp-content\\\/uploads\\\/2022\\\/03\\\/TobiasTheiss_Kuendigungsschutz_260x250.png\",\"link\":\"spezialisierung\\\/\"}},{\"name\":\"\",\"type\":\"grid_item\",\"props\":{\"content\":\"\n\n<p><span>My work concentrates solely on employment law, and the associated social law. This results in high-quality legal services and optimized legal advice.<\\\/span><\\\/p>\",\"title\":\"Employment law\",\"image\":\"wp-content\\\/uploads\\\/2022\\\/03\\\/TobiasTheiss_Arbeitsrecht_260x250.png\",\"link\":\"spezialisierung\\\/\"}},{\"name\":\"\",\"type\":\"grid_item\",\"props\":{\"content\":\"\n\n<p><span>I place particular emphasis on the sustainable, long-term resolution of conflicts at the workplace, especially in the lead-up to, or aftermath of, a termination.<\\\/span><\\\/p>\",\"title\":\"Conflict resolution\",\"image\":\"wp-content\\\/uploads\\\/2022\\\/03\\\/TobiasTheiss_Konflikloesung_260x250.png\",\"link\":\"#\"}},{\"name\":\"\",\"type\":\"grid_item\",\"props\":{\"content\":\"\n\n<p><span>You can contact me via E-Mail:<\\\/span><br \\\/><a class=\\\"bolda\\\" href=\\\"mailto:info@heidelberg-arbeitsrecht.com\\\">info@heidelberg-arbeitsrecht.com<\\\/a><span>\\u00a0or by telephone: +496221 \\u2013 6733614<\\\/span><\\\/p>\",\"title\":\"Consultation\",\"image\":\"wp-content\\\/uploads\\\/2022\\\/03\\\/TobiasTheiss_Beratung_260x250.png\",\"link\":\"#\"}}]}]}]}]},{\"type\":\"section\",\"props\":{\"style\":\"default\",\"width\":\"\",\"vertical_align\":\"middle\",\"title_position\":\"top-left\",\"title_rotation\":\"left\",\"title_breakpoint\":\"xl\",\"image_position\":\"bottom-right\",\"image\":\"\",\"padding_remove_top\":false,\"image_size\":\"contain\",\"title\":\"\",\"overlap\":false,\"padding_remove_bottom\":true},\"children\":[{\"type\":\"row\",\"props\":{\"layout\":\"1-2,1-2\",\"width\":\"small\",\"divider\":false,\"margin\":\"default\"},\"children\":[{\"type\":\"column\",\"props\":{\"position_sticky_breakpoint\":\"m\",\"image_position\":\"center-center\",\"media_overlay_gradient\":\"\",\"width_medium\":\"1-2\",\"width_small\":\"1-2\",\"vertical_align\":\"bottom\"},\"children\":[{\"type\":\"image\",\"props\":{\"margin\":\"default\",\"image_svg_color\":\"emphasis\",\"image\":\"wp-content\\\/uploads\\\/2022\\\/02\\\/TobiasTheiss_Portrait_1200x938.png\",\"position\":\"relative\",\"margin_remove_bottom\":true}}]},{\"type\":\"column\",\"props\":{\"position_sticky_breakpoint\":\"m\",\"image_position\":\"bottom-center\",\"media_overlay_gradient\":\"\",\"width_medium\":\"1-2\",\"image\":\"\",\"padding\":\"none\",\"image_size\":\"height-1-1\",\"width_small\":\"1-2\"},\"children\":[{\"type\":\"headline\",\"props\":{\"title_element\":\"h1\",\"content\":\"Tobias Thei\\u00df\",\"title_style\":\"h2\",\"text_align\":\"left\",\"margin_remove_bottom\":false,\"margin\":\"small\"}},{\"type\":\"headline\",\"props\":{\"title_element\":\"h1\",\"content\":\"<span>YOUR SPECIALIST ATTORNEY FOR EMPLOYMENT LAW<\\\/span>\",\"title_style\":\"h5\",\"margin_remove_top\":true}},{\"type\":\"text\",\"props\":{\"margin\":\"medium\",\"column_breakpoint\":\"m\",\"content\":\"\n\n<p><span>For many years, I have been consulting with and advising employers, management, and employees in all areas of employment law, in particular concerning the termination of employment. My high degree of professional specialization, regular participation in professional development seminars, and years of experience put me in a position to achieve the best outcome for you.<\\\/span><\\\/p>\"}},{\"type\":\"text\",\"props\":{\"margin\":\"default\",\"column_breakpoint\":\"m\",\"content\":\"\n\n<p><\\\/p>\\n\n\n<p><\\\/p>\"}}]}]}],\"name\":\"Portrait\"}],\"version\":\"3.0.7\"} --><\/p>\n","protected":false},"excerpt":{"rendered":"<p>unfair dismissal For many years now, my professional concentration has rested squarely within this specialist field, of advising clients before and after terminations. Employment law My work concentrates solely on employment law, and the associated social law. This results in high-quality legal services and optimized legal advice. Conflict resolution I place particular emphasis on the [&hellip;]<\/p>\n","protected":false},"author":1,"featured_media":0,"parent":0,"menu_order":0,"comment_status":"closed","ping_status":"open","template":"","meta":{"_acf_changed":false,"footnotes":""},"class_list":["post-656","page","type-page","status-publish","hentry"],"acf":[],"yoast_head":"<!-- This site is optimized with the Yoast SEO plugin v27.6 - https:\/\/yoast.com\/product\/yoast-seo-wordpress\/ -->\n<title>Home EN - Tobias Thei\u00df - Fachanwalt f\u00fcr Arbeitsrecht<\/title>\n<meta name=\"robots\" content=\"index, follow, max-snippet:-1, max-image-preview:large, max-video-preview:-1\" \/>\n<link rel=\"canonical\" href=\"https:\/\/www.heidelberg-arbeitsrecht.com\/en\/\" \/>\n<meta property=\"og:locale\" content=\"en_US\" \/>\n<meta property=\"og:type\" content=\"article\" \/>\n<meta property=\"og:title\" content=\"Home EN - Tobias Thei\u00df - Fachanwalt f\u00fcr Arbeitsrecht\" \/>\n<meta property=\"og:description\" content=\"unfair dismissal For many years now, my professional concentration has rested squarely within this specialist field, of advising clients before and after terminations. Employment law My work concentrates solely on employment law, and the associated social law. This results in high-quality legal services and optimized legal advice. Conflict resolution I place particular emphasis on the [&hellip;]\" \/>\n<meta property=\"og:url\" content=\"https:\/\/www.heidelberg-arbeitsrecht.com\/en\/\" \/>\n<meta property=\"og:site_name\" content=\"Tobias Thei\u00df - Fachanwalt f\u00fcr Arbeitsrecht\" \/>\n<meta property=\"article:modified_time\" content=\"2023-06-23T11:18:07+00:00\" \/>\n<meta name=\"twitter:card\" content=\"summary_large_image\" \/>\n<meta name=\"twitter:label1\" content=\"Est. reading time\" \/>\n\t<meta name=\"twitter:data1\" content=\"1 minute\" \/>\n<script type=\"application\/ld+json\" class=\"yoast-schema-graph\">{\"@context\":\"https:\\\/\\\/schema.org\",\"@graph\":[{\"@type\":\"WebPage\",\"@id\":\"https:\\\/\\\/www.heidelberg-arbeitsrecht.com\\\/en\\\/\",\"url\":\"https:\\\/\\\/www.heidelberg-arbeitsrecht.com\\\/en\\\/\",\"name\":\"Home EN - Tobias Thei\u00df - Fachanwalt f\u00fcr Arbeitsrecht\",\"isPartOf\":{\"@id\":\"https:\\\/\\\/www.heidelberg-arbeitsrecht.com\\\/#website\"},\"datePublished\":\"2022-02-27T18:10:06+00:00\",\"dateModified\":\"2023-06-23T11:18:07+00:00\",\"breadcrumb\":{\"@id\":\"https:\\\/\\\/www.heidelberg-arbeitsrecht.com\\\/en\\\/#breadcrumb\"},\"inLanguage\":\"en-US\",\"potentialAction\":[{\"@type\":\"ReadAction\",\"target\":[\"https:\\\/\\\/www.heidelberg-arbeitsrecht.com\\\/en\\\/\"]}]},{\"@type\":\"BreadcrumbList\",\"@id\":\"https:\\\/\\\/www.heidelberg-arbeitsrecht.com\\\/en\\\/#breadcrumb\",\"itemListElement\":[{\"@type\":\"ListItem\",\"position\":1,\"name\":\"Startseite\",\"item\":\"https:\\\/\\\/www.heidelberg-arbeitsrecht.com\\\/en\\\/\"},{\"@type\":\"ListItem\",\"position\":2,\"name\":\"Home EN\"}]},{\"@type\":\"WebSite\",\"@id\":\"https:\\\/\\\/www.heidelberg-arbeitsrecht.com\\\/#website\",\"url\":\"https:\\\/\\\/www.heidelberg-arbeitsrecht.com\\\/\",\"name\":\"Tobias Thei\u00df - Fachanwalt f\u00fcr Arbeitsrecht\",\"description\":\"Tobias Thei\u00df Fachanwalt f\u00fcr Arbeitsrecht, K\u00fcndigungsschutz und Konfliktl\u00f6sung\",\"potentialAction\":[{\"@type\":\"SearchAction\",\"target\":{\"@type\":\"EntryPoint\",\"urlTemplate\":\"https:\\\/\\\/www.heidelberg-arbeitsrecht.com\\\/?s={search_term_string}\"},\"query-input\":{\"@type\":\"PropertyValueSpecification\",\"valueRequired\":true,\"valueName\":\"search_term_string\"}}],\"inLanguage\":\"en-US\"}]}<\/script>\n<!-- \/ Yoast SEO plugin. -->","yoast_head_json":{"title":"Home EN - Tobias Thei\u00df - Fachanwalt f\u00fcr Arbeitsrecht","robots":{"index":"index","follow":"follow","max-snippet":"max-snippet:-1","max-image-preview":"max-image-preview:large","max-video-preview":"max-video-preview:-1"},"canonical":"https:\/\/www.heidelberg-arbeitsrecht.com\/en\/","og_locale":"en_US","og_type":"article","og_title":"Home EN - Tobias Thei\u00df - Fachanwalt f\u00fcr Arbeitsrecht","og_description":"unfair dismissal For many years now, my professional concentration has rested squarely within this specialist field, of advising clients before and after terminations. Employment law My work concentrates solely on employment law, and the associated social law. This results in high-quality legal services and optimized legal advice. Conflict resolution I place particular emphasis on the [&hellip;]","og_url":"https:\/\/www.heidelberg-arbeitsrecht.com\/en\/","og_site_name":"Tobias Thei\u00df - Fachanwalt f\u00fcr Arbeitsrecht","article_modified_time":"2023-06-23T11:18:07+00:00","twitter_card":"summary_large_image","twitter_misc":{"Est. reading time":"1 minute"},"schema":{"@context":"https:\/\/schema.org","@graph":[{"@type":"WebPage","@id":"https:\/\/www.heidelberg-arbeitsrecht.com\/en\/","url":"https:\/\/www.heidelberg-arbeitsrecht.com\/en\/","name":"Home EN - Tobias Thei\u00df - Fachanwalt f\u00fcr Arbeitsrecht","isPartOf":{"@id":"https:\/\/www.heidelberg-arbeitsrecht.com\/#website"},"datePublished":"2022-02-27T18:10:06+00:00","dateModified":"2023-06-23T11:18:07+00:00","breadcrumb":{"@id":"https:\/\/www.heidelberg-arbeitsrecht.com\/en\/#breadcrumb"},"inLanguage":"en-US","potentialAction":[{"@type":"ReadAction","target":["https:\/\/www.heidelberg-arbeitsrecht.com\/en\/"]}]},{"@type":"BreadcrumbList","@id":"https:\/\/www.heidelberg-arbeitsrecht.com\/en\/#breadcrumb","itemListElement":[{"@type":"ListItem","position":1,"name":"Startseite","item":"https:\/\/www.heidelberg-arbeitsrecht.com\/en\/"},{"@type":"ListItem","position":2,"name":"Home EN"}]},{"@type":"WebSite","@id":"https:\/\/www.heidelberg-arbeitsrecht.com\/#website","url":"https:\/\/www.heidelberg-arbeitsrecht.com\/","name":"Tobias Thei\u00df - Fachanwalt f\u00fcr Arbeitsrecht","description":"Tobias Thei\u00df Fachanwalt f\u00fcr Arbeitsrecht, K\u00fcndigungsschutz und Konfliktl\u00f6sung","potentialAction":[{"@type":"SearchAction","target":{"@type":"EntryPoint","urlTemplate":"https:\/\/www.heidelberg-arbeitsrecht.com\/?s={search_term_string}"},"query-input":{"@type":"PropertyValueSpecification","valueRequired":true,"valueName":"search_term_string"}}],"inLanguage":"en-US"}]}},"_links":{"self":[{"href":"https:\/\/www.heidelberg-arbeitsrecht.com\/en\/wp-json\/wp\/v2\/pages\/656","targetHints":{"allow":["GET"]}}],"collection":[{"href":"https:\/\/www.heidelberg-arbeitsrecht.com\/en\/wp-json\/wp\/v2\/pages"}],"about":[{"href":"https:\/\/www.heidelberg-arbeitsrecht.com\/en\/wp-json\/wp\/v2\/types\/page"}],"author":[{"embeddable":true,"href":"https:\/\/www.heidelberg-arbeitsrecht.com\/en\/wp-json\/wp\/v2\/users\/1"}],"replies":[{"embeddable":true,"href":"https:\/\/www.heidelberg-arbeitsrecht.com\/en\/wp-json\/wp\/v2\/comments?post=656"}],"version-history":[{"count":4,"href":"https:\/\/www.heidelberg-arbeitsrecht.com\/en\/wp-json\/wp\/v2\/pages\/656\/revisions"}],"predecessor-version":[{"id":708,"href":"https:\/\/www.heidelberg-arbeitsrecht.com\/en\/wp-json\/wp\/v2\/pages\/656\/revisions\/708"}],"wp:attachment":[{"href":"https:\/\/www.heidelberg-arbeitsrecht.com\/en\/wp-json\/wp\/v2\/media?parent=656"}],"curies":[{"name":"wp","href":"https:\/\/api.w.org\/{rel}","templated":true}]}}